{"id":1130,"date":"2025-01-29T00:45:35","date_gmt":"2025-01-28T23:45:35","guid":{"rendered":"https:\/\/serdel.com\/study\/"},"modified":"2026-02-09T16:04:55","modified_gmt":"2026-02-09T15:04:55","slug":"estudio","status":"publish","type":"page","link":"https:\/\/serdel.com\/en\/estudio\/","title":{"rendered":"About us"},"content":{"rendered":"\t\t<div data-elementor-type=\"wp-page\" data-elementor-id=\"1130\" class=\"elementor elementor-1130 elementor-594\" data-elementor-post-type=\"page\">\n\t\t\t\t<div class=\"elementor-element elementor-element-b2ed377 e-flex e-con-boxed e-con e-parent\" data-id=\"b2ed377\" data-element_type=\"container\" data-e-type=\"container\" data-settings=\"{&quot;background_background&quot;:&quot;classic&quot;}\">\n\t\t\t\t\t<div class=\"e-con-inner\">\n\t\t<div class=\"elementor-element elementor-element-871750a e-con-full e-flex e-con e-child\" data-id=\"871750a\" data-element_type=\"container\" data-e-type=\"container\">\n\t\t<div class=\"elementor-element elementor-element-303a9ec e-con-full e-flex e-con e-child\" data-id=\"303a9ec\" data-element_type=\"container\" data-e-type=\"container\">\n\t\t\t\t<div class=\"elementor-element elementor-element-4328fbe elementor-widget__width-initial elementor-widget elementor-widget-image\" data-id=\"4328fbe\" data-element_type=\"widget\" data-e-type=\"widget\" data-widget_type=\"image.default\">\n\t\t\t\t\t\t\t\t\t\t\t\t\t\t\t<img fetchpriority=\"high\" decoding=\"async\" width=\"1536\" height=\"1024\" src=\"https:\/\/serdel.com\/wp-content\/uploads\/imagen-de-objetos-de-ingenieria-en-el-punto-de-vista-top-construction-de-trabajo-herramientas-de-ingenieria-vintage-efecto-de-filtro-retro-tono-enfoque-suave-enfoque-selectivo-1536x1024.jpg\" class=\"attachment-1536x1536 size-1536x1536 wp-image-1618\" alt=\"\" srcset=\"https:\/\/serdel.com\/wp-content\/uploads\/imagen-de-objetos-de-ingenieria-en-el-punto-de-vista-top-construction-de-trabajo-herramientas-de-ingenieria-vintage-efecto-de-filtro-retro-tono-enfoque-suave-enfoque-selectivo-1536x1024.jpg 1536w, https:\/\/serdel.com\/wp-content\/uploads\/imagen-de-objetos-de-ingenieria-en-el-punto-de-vista-top-construction-de-trabajo-herramientas-de-ingenieria-vintage-efecto-de-filtro-retro-tono-enfoque-suave-enfoque-selectivo-768x512.jpg 768w, https:\/\/serdel.com\/wp-content\/uploads\/imagen-de-objetos-de-ingenieria-en-el-punto-de-vista-top-construction-de-trabajo-herramientas-de-ingenieria-vintage-efecto-de-filtro-retro-tono-enfoque-suave-enfoque-selectivo-2048x1365.jpg 2048w\" sizes=\"(max-width: 1536px) 100vw, 1536px\" \/>\t\t\t\t\t\t\t\t\t\t\t\t\t\t\t<\/div>\n\t\t\t\t<\/div>\n\t\t\t\t<div class=\"elementor-element elementor-element-9ecff6d elementor-widget elementor-widget-text-editor\" data-id=\"9ecff6d\" data-element_type=\"widget\" data-e-type=\"widget\" data-widget_type=\"text-editor.default\">\n\t\t\t\t\t\t\t\t\t<p style=\"text-align: left;\"><strong>Serdel <\/strong>is an architectural firm with more than 35 years of experience, led by architects Pedro Juan Valverde Lape\u00f1a and \u00c1lvaro Manuel Garc\u00eda Segura.<\/p><p style=\"text-align: left;\">Throughout our trajectory, we have specialized in projects for the public administration, working in areas such as health, sports, infrastructure, education and culture. We have also developed projects for private clients in sectors such as retail, workplace and hospitality.<\/p><p style=\"text-align: left;\">Our methodology is based on the integration of design, innovation and a multidisciplinary vision, which allows us to offer solutions adapted to the needs of each client, regardless of the scale or type of project.<\/p><p style=\"text-align: left;\">This approach is enhanced by the use of advanced technologies such as BIM (Building Information Modeling), which allows us to efficiently manage each phase of the project, optimizing coordination and facilitating informed decision making from planning to execution.<\/p><p style=\"text-align: left;\">At SERDEL, our commitment is to offer an integral and personalized service, accompanying our clients in each stage of the process, ensuring that each project combines design, functionality and the use of state-of-the-art technologies.<\/p>\t\t\t\t\t\t\t\t<\/div>\n\t\t\t\t<\/div>\n\t\t\t\t\t<\/div>\n\t\t\t\t<\/div>\n\t\t\t\t<\/div>\n\t\t","protected":false},"excerpt":{"rendered":"<p>Serdel is an architectural firm with more than 35 years of experience, led by architects Pedro Juan Valverde Lape\u00f1a and \u00c1lvaro Manuel Garc\u00eda Segura. Throughout our trajectory, we have specialized in projects for the public administration, working in areas such as health, sports, infrastructure, education and culture. We have also developed projects for private clients [&hellip;]<\/p>\n","protected":false},"author":2,"featured_media":0,"parent":0,"menu_order":0,"comment_status":"closed","ping_status":"closed","template":"","meta":{"footnotes":""},"class_list":["post-1130","page","type-page","status-publish","hentry"],"_links":{"self":[{"href":"https:\/\/serdel.com\/en\/wp-json\/wp\/v2\/pages\/1130","targetHints":{"allow":["GET"]}}],"collection":[{"href":"https:\/\/serdel.com\/en\/wp-json\/wp\/v2\/pages"}],"about":[{"href":"https:\/\/serdel.com\/en\/wp-json\/wp\/v2\/types\/page"}],"author":[{"embeddable":true,"href":"https:\/\/serdel.com\/en\/wp-json\/wp\/v2\/users\/2"}],"replies":[{"embeddable":true,"href":"https:\/\/serdel.com\/en\/wp-json\/wp\/v2\/comments?post=1130"}],"version-history":[{"count":12,"href":"https:\/\/serdel.com\/en\/wp-json\/wp\/v2\/pages\/1130\/revisions"}],"predecessor-version":[{"id":1752,"href":"https:\/\/serdel.com\/en\/wp-json\/wp\/v2\/pages\/1130\/revisions\/1752"}],"wp:attachment":[{"href":"https:\/\/serdel.com\/en\/wp-json\/wp\/v2\/media?parent=1130"}],"curies":[{"name":"wp","href":"https:\/\/api.w.org\/{rel}","templated":true}]}}